{"id":10,"date":"2016-10-06T18:01:54","date_gmt":"2016-10-06T16:01:54","guid":{"rendered":"http:\/\/www.pixelperfect-design.at\/alazar\/?page_id=10"},"modified":"2021-02-03T15:54:10","modified_gmt":"2021-02-03T14:54:10","slug":"ueber-uns","status":"publish","type":"page","link":"https:\/\/www.fb-personal.at\/cms\/ueber-uns\/","title":{"rendered":"\u00dcber uns"},"content":{"rendered":"<div id=\"pl-10\"  class=\"panel-layout\" ><div id=\"pg-10-0\"  class=\"panel-grid panel-no-style\" ><div id=\"pgc-10-0-0\"  class=\"panel-grid-cell\" ><div id=\"panel-10-0-0-0\" class=\"so-panel widget widget_sow-editor panel-first-child panel-last-child\" data-index=\"0\" ><div class=\"so-widget-sow-editor so-widget-sow-editor-base\">\n<div class=\"siteorigin-widget-tinymce textwidget\">\n\t<p>Die Firma FB Personalmanagement wurde 2001 als FB OEG von Martin Freynschlag und Alazar Bairai gegr\u00fcndet. Seit 2004 ist Herr Alazar Bairai, nunmehr Alazar Abraham, alleiniger Gesch\u00e4ftsf\u00fchrer der FB Personalmanagement GmbH.<\/p>\n<p>F\u00fcr unser Team haben ma\u00dfgeschneiderte Kundenbetreuung, die Wertsch\u00e4tzung langj\u00e4hriger Partnerschaften und die Zufriedenheit unserer Mitarbeiterinnen und Mitarbeiter oberste Priorit\u00e4t. Wir wollen als klassisches KMU innerhalb \u00d6sterreichs noch erfolgreicher t\u00e4tig sein.<\/p>\n<p>\u00a0<\/p>\n<p><span style=\"text-decoration: underline;\"><strong>Unsere Ziele:<\/strong> <\/span><\/p>\n<p>Durch pers\u00f6nliches Engagement und laufende Weiterentwicklung gelingt es uns, f\u00fcr die von uns betreuten Unternehmen die gemeinsam vereinbarten Ziele zu erreichen. Unsere Mitarbeiterinnen und Mitarbeiter werden durch gezieltes Coaching und professionelle Betreuung zu wertvollen und langfristigen Mitarbeitern in unseren Partnerbetrieben.<\/p>\n<p><span style=\"text-decoration: underline;\"><strong>Unsere Werte:<\/strong>\u00a0<\/span><\/p>\n<p>Ehrlichkeit, Flei\u00df und Teamgeist sind f\u00fcr uns keine Schlagw\u00f6rter, wir leben diese Werte f\u00fcr unsere Kunden, Mitarbeiterinnen und Mitarbeiter seit nunmehr 20 Jahren mit nachhaltigem Erfolg.<\/p>\n<p>\u00a0<\/p>\n<\/div>\n<\/div><\/div><\/div><div id=\"pgc-10-0-1\"  class=\"panel-grid-cell\" ><div id=\"panel-10-0-1-0\" class=\"so-panel widget widget_sow-image panel-first-child panel-last-child\" data-index=\"1\" ><div class=\"so-widget-sow-image so-widget-sow-image-default-d6014b76747a-10\">\n\n<div class=\"sow-image-container\">\n\t\t<img src=\"https:\/\/www.fb-personal.at\/cms\/wp-content\/uploads\/2016\/10\/10781979_m.jpg\" width=\"1280\" height=\"1920\" srcset=\"https:\/\/www.fb-personal.at\/cms\/wp-content\/uploads\/2016\/10\/10781979_m.jpg 1280w, https:\/\/www.fb-personal.at\/cms\/wp-content\/uploads\/2016\/10\/10781979_m-200x300.jpg 200w, https:\/\/www.fb-personal.at\/cms\/wp-content\/uploads\/2016\/10\/10781979_m-768x1152.jpg 768w, https:\/\/www.fb-personal.at\/cms\/wp-content\/uploads\/2016\/10\/10781979_m-683x1024.jpg 683w\" sizes=\"(max-width: 1280px) 100vw, 1280px\" title=\"10781979 - professional presentation business background\" alt=\"\" loading=\"lazy\" \t\tclass=\"so-widget-image\"\/>\n\t<\/div>\n\n<\/div><\/div><\/div><\/div><\/div>","protected":false},"excerpt":{"rendered":"<p class=\"excerpt\">Die Firma FB Personalmanagement wurde 2001 als FB OEG von Martin Freynschlag und Alazar Bairai gegr\u00fcndet. Seit 2004 ist Herr Alazar Bairai, nunmehr Alazar Abraham, alleiniger Gesch\u00e4ftsf\u00fchrer der FB Personalmanagement GmbH.F\u00fcr unser Team haben ma\u00dfgeschneiderte Kundenbetreuung, die Wertsch\u00e4tzung langj\u00e4hriger Partnerschaften und die Zufriedenheit unserer Mitarbeiterinnen und Mitarbeiter oberste Priorit\u00e4t. Wir wollen als klassisches KMU innerhalb \u00d6sterreichs noch erfolgreicher t\u00e4tig sein.\u00a0Unsere&hellip; <a href=\"https:\/\/www.fb-personal.at\/cms\/ueber-uns\/\">Read more &rarr;<\/a><\/p>\n","protected":false},"author":1,"featured_media":0,"parent":0,"menu_order":0,"comment_status":"closed","ping_status":"closed","template":"","meta":[],"_links":{"self":[{"href":"https:\/\/www.fb-personal.at\/cms\/wp-json\/wp\/v2\/pages\/10"}],"collection":[{"href":"https:\/\/www.fb-personal.at\/cms\/wp-json\/wp\/v2\/pages"}],"about":[{"href":"https:\/\/www.fb-personal.at\/cms\/wp-json\/wp\/v2\/types\/page"}],"author":[{"embeddable":true,"href":"https:\/\/www.fb-personal.at\/cms\/wp-json\/wp\/v2\/users\/1"}],"replies":[{"embeddable":true,"href":"https:\/\/www.fb-personal.at\/cms\/wp-json\/wp\/v2\/comments?post=10"}],"version-history":[{"count":13,"href":"https:\/\/www.fb-personal.at\/cms\/wp-json\/wp\/v2\/pages\/10\/revisions"}],"predecessor-version":[{"id":231,"href":"https:\/\/www.fb-personal.at\/cms\/wp-json\/wp\/v2\/pages\/10\/revisions\/231"}],"wp:attachment":[{"href":"https:\/\/www.fb-personal.at\/cms\/wp-json\/wp\/v2\/media?parent=10"}],"curies":[{"name":"wp","href":"https:\/\/api.w.org\/{rel}","templated":true}]}}