{"id":110,"date":"2016-12-02T14:39:51","date_gmt":"2016-12-02T13:39:51","guid":{"rendered":"http:\/\/www.pixelperfect-design.at\/alazar\/?page_id=110"},"modified":"2021-12-17T09:48:34","modified_gmt":"2021-12-17T08:48:34","slug":"arbeitskraefteueberlassung","status":"publish","type":"page","link":"https:\/\/www.fb-personal.at\/cms\/arbeitskraefteueberlassung\/","title":{"rendered":"Arbeitskr\u00e4fte\u00fcberlassung"},"content":{"rendered":"<div id=\"pl-110\"  class=\"panel-layout\" ><div id=\"pg-110-0\"  class=\"panel-grid panel-no-style\" ><div id=\"pgc-110-0-0\"  class=\"panel-grid-cell\" ><div id=\"panel-110-0-0-0\" class=\"so-panel widget widget_sow-editor panel-first-child\" data-index=\"0\" ><div class=\"so-widget-sow-editor so-widget-sow-editor-base\">\n<div class=\"siteorigin-widget-tinymce textwidget\">\n\t<p>Durch unsere Unterst\u00fctzung erleichtern wir Ihnen die termingerechte Erf\u00fcllung Ihrer Auftr\u00e4ge. Auf diese Weise ist auch in Zeiten extremer Arbeitsspitzen das Qualit\u00e4tsniveau Ihrer Produkte und Dienstleistungen gew\u00e4hrleistet.<\/p>\n<p>Bei unseren Kunden genie\u00dfen wir einen guten Ruf aufgrund unserer Seriosit\u00e4t, Zuverl\u00e4ssigkeit und durch die gute Integration unserer Arbeitskr\u00e4fte in die Besch\u00e4ftigerbetriebe.<\/p>\n<\/div>\n<\/div><\/div><div id=\"panel-110-0-0-1\" class=\"so-panel widget widget_ink-accordion panel-last-child\" data-index=\"1\" ><div class=\"so-widget-ink-accordion so-widget-ink-accordion-accordion-00ba80b4d8ea-110\">\n<div class=\"iw-so-accordion-plain iw-so-accordion iw-so-acc-singleExpand\">\n\n\t\n\t\t<div class=\"iw-so-acc-item iw-so-acc-item-active\"  id=\"toggle-1-1\">\n\n\t\t\t<a href=\"#\" class=\"iw-so-acc-title iw-text-left\">\n\t\t\t\tArbeitskr\u00e4fte\u00fcberlassung\t\t\t\t<span class=\"iw-so-tgl-open\"><span class=\"sow-icon-fontawesome sow-fas\" data-sow-icon=\"&#xf106;\"\n\t\tstyle=\"font-size: 2em; color: right\" ><\/span><\/span>\n\t\t\t\t<span class=\"iw-so-tgl-close\"><span class=\"sow-icon-fontawesome sow-fas\" data-sow-icon=\"&#xf107;\"\n\t\tstyle=\"font-size: 2em; color: right\" ><\/span><\/span>\n\t\t\t<\/a>\n\n\t\t\t<div class=\"iw-so-acc-content\">\n\t\t\t\t<h3>Wir unterst\u00fctzen Sie durch unsere Flexibilit\u00e4t und pers\u00f6nlichen Einsatz<\/h3>\n<h4>Flexibilit\u00e4t<\/h4>\n<ul>\n<li>Arbeitnehmerversicherung<\/li>\n<li>Lohnverrechnungskosten<\/li>\n<li>Buchhaltung<\/li>\n<li>Arbeitskleidung<\/li>\n<li>Weiterbildungskosten<\/li>\n<li>13. u. 14. Monatsgehalt<\/li>\n<li>Div. Zulagen<\/li>\n<li>Steuern<\/li>\n<li>Feiertage<\/li>\n<li>Urlaub<\/li>\n<li>Krankenst\u00e4nde<\/li>\n<li>Personalverwaltung<\/li>\n<\/ul>\n<h3>Wir helfen Ihnen Zeit zu sparen und\u00a0nehmen Ihnen Arbeit ab<\/h3>\n<h4>Zeit sparen<\/h4>\n<ul>\n<li>Bewerbungsgespr\u00e4che<\/li>\n<li>Auswahlverfahren\/Einstellung<\/li>\n<li>lnseratgestaltung<\/li>\n<\/ul>\n<h3>Wir bieten beste Qualit\u00e4t f\u00fcr g\u00fcnstige Preise<\/h3>\n<h4>Geld sparen<\/h4>\n<ul>\n<li>Prompt einsatzbereit durch gro\u00dfen Personalpool<\/li>\n<li>Erh\u00f6hter Planungsfreiraum<\/li>\n<li>Kurz- langfristige Eins\u00e4tze<\/li>\n<li>Bei Auftragsschwankungen<\/li>\n<li>Urlaubsvertretungen<\/li>\n<li>Karenzstellen<\/li>\n<li>Projekte<\/li>\n<li>Schulungen (z.B.: Hygieneschulungen)<\/li>\n<\/ul>\n<p>&nbsp;<\/p>\n<p>F\u00fcr weitere Fragen oder\u00a0Informationen stehen wir Ihnen gerne jederzeit unter folgender E-Mail-Adresse: <a href=\"mailto:office@fb-personal.at\">office@fb-personal.at<\/a> zur Verf\u00fcgung.<\/p>\n<p>&nbsp;<\/p>\n\t\t\t<\/div>\n\n\t\t<\/div>\n\n\t\t\n\t\n<\/div>\n<\/div><\/div><\/div><div id=\"pgc-110-0-1\"  class=\"panel-grid-cell\" ><div id=\"panel-110-0-1-0\" class=\"so-panel widget widget_sow-image panel-first-child panel-last-child\" data-index=\"2\" ><div class=\"so-widget-sow-image so-widget-sow-image-default-d6014b76747a-110\">\n\n<div class=\"sow-image-container\">\n\t\t<img src=\"https:\/\/www.fb-personal.at\/cms\/wp-content\/uploads\/2016\/12\/12207132_length.jpg\" width=\"1197\" height=\"1840\" srcset=\"https:\/\/www.fb-personal.at\/cms\/wp-content\/uploads\/2016\/12\/12207132_length.jpg 1197w, https:\/\/www.fb-personal.at\/cms\/wp-content\/uploads\/2016\/12\/12207132_length-195x300.jpg 195w, https:\/\/www.fb-personal.at\/cms\/wp-content\/uploads\/2016\/12\/12207132_length-768x1181.jpg 768w, https:\/\/www.fb-personal.at\/cms\/wp-content\/uploads\/2016\/12\/12207132_length-666x1024.jpg 666w\" sizes=\"(max-width: 1197px) 100vw, 1197px\" title=\"12207132 - green landscape\" alt=\"\" loading=\"lazy\" \t\tclass=\"so-widget-image\"\/>\n\t<\/div>\n\n<\/div><\/div><\/div><\/div><\/div>","protected":false},"excerpt":{"rendered":"<p class=\"excerpt\">Durch unsere Unterst\u00fctzung erleichtern wir Ihnen die termingerechte Erf\u00fcllung Ihrer Auftr\u00e4ge. Auf diese Weise ist auch in Zeiten extremer Arbeitsspitzen das Qualit\u00e4tsniveau Ihrer Produkte und Dienstleistungen gew\u00e4hrleistet. Bei unseren Kunden genie\u00dfen wir einen guten Ruf aufgrund unserer Seriosit\u00e4t, Zuverl\u00e4ssigkeit und durch die gute Integration unserer Arbeitskr\u00e4fte in die Besch\u00e4ftigerbetriebe. <a href=\"https:\/\/www.fb-personal.at\/cms\/arbeitskraefteueberlassung\/\">Read more &rarr;<\/a><\/p>\n","protected":false},"author":1,"featured_media":0,"parent":0,"menu_order":0,"comment_status":"closed","ping_status":"closed","template":"","meta":[],"_links":{"self":[{"href":"https:\/\/www.fb-personal.at\/cms\/wp-json\/wp\/v2\/pages\/110"}],"collection":[{"href":"https:\/\/www.fb-personal.at\/cms\/wp-json\/wp\/v2\/pages"}],"about":[{"href":"https:\/\/www.fb-personal.at\/cms\/wp-json\/wp\/v2\/types\/page"}],"author":[{"embeddable":true,"href":"https:\/\/www.fb-personal.at\/cms\/wp-json\/wp\/v2\/users\/1"}],"replies":[{"embeddable":true,"href":"https:\/\/www.fb-personal.at\/cms\/wp-json\/wp\/v2\/comments?post=110"}],"version-history":[{"count":6,"href":"https:\/\/www.fb-personal.at\/cms\/wp-json\/wp\/v2\/pages\/110\/revisions"}],"predecessor-version":[{"id":284,"href":"https:\/\/www.fb-personal.at\/cms\/wp-json\/wp\/v2\/pages\/110\/revisions\/284"}],"wp:attachment":[{"href":"https:\/\/www.fb-personal.at\/cms\/wp-json\/wp\/v2\/media?parent=110"}],"curies":[{"name":"wp","href":"https:\/\/api.w.org\/{rel}","templated":true}]}}