{"id":8,"date":"2016-10-06T18:01:38","date_gmt":"2016-10-06T16:01:38","guid":{"rendered":"http:\/\/www.pixelperfect-design.at\/alazar\/?page_id=8"},"modified":"2021-12-17T15:13:29","modified_gmt":"2021-12-17T14:13:29","slug":"personalberatung","status":"publish","type":"page","link":"https:\/\/www.fb-personal.at\/cms\/personalberatung\/","title":{"rendered":"Personalberatung"},"content":{"rendered":"<div id=\"pl-8\"  class=\"panel-layout\" ><div id=\"pg-8-0\"  class=\"panel-grid panel-no-style\" ><div id=\"pgc-8-0-0\"  class=\"panel-grid-cell\" ><div id=\"panel-8-0-0-0\" class=\"so-panel widget widget_sow-editor panel-first-child\" data-index=\"0\" ><div class=\"so-widget-sow-editor so-widget-sow-editor-base\">\n<div class=\"siteorigin-widget-tinymce textwidget\">\n\t<p>Durch unsere Unterst\u00fctzung erleichtern wir Ihnen die termingerechte Erf\u00fcllung Ihrer Auftr\u00e4ge. Auf diese Weise ist auch in Zeiten extremer Arbeitsspitzen das Qualit\u00e4tsniveau Ihrer Produkte und Dienstleistungen gew\u00e4hrleistet.<\/p>\n<p>Bei unseren Kunden genie\u00dfen wir einen guten Ruf aufgrund unserer Seriosit\u00e4t, Zuverl\u00e4ssigkeit und durch die gute Integration unserer Arbeitskr\u00e4fte in die Besch\u00e4ftigerbetriebe.<\/p>\n<\/div>\n<\/div><\/div><div id=\"panel-8-0-0-1\" class=\"so-panel widget widget_ink-accordion\" data-index=\"1\" ><div class=\"so-widget-ink-accordion so-widget-ink-accordion-accordion-00ba80b4d8ea-8\">\n<div class=\"iw-so-accordion-plain iw-so-accordion iw-so-acc-singleExpand iw-so-acc-toggle\">\n\n\t\n\t\t<div class=\"iw-so-acc-item iw-so-acc-item-active\"  id=\"toggle-1-1\">\n\n\t\t\t<a href=\"#\" class=\"iw-so-acc-title iw-text-left\">\n\t\t\t\tPersonalberatung\t\t\t\t<span class=\"iw-so-tgl-open\"><span class=\"sow-icon-fontawesome sow-fas\" data-sow-icon=\"&#xf106;\"\n\t\tstyle=\"font-size: 2em; color: right\" ><\/span><\/span>\n\t\t\t\t<span class=\"iw-so-tgl-close\"><span class=\"sow-icon-fontawesome sow-fas\" data-sow-icon=\"&#xf107;\"\n\t\tstyle=\"font-size: 2em; color: right\" ><\/span><\/span>\n\t\t\t<\/a>\n\n\t\t\t<div class=\"iw-so-acc-content\">\n\t\t\t\t<ul>\n<li>Erhebung des Anforderungsprofiles<\/li>\n<li>Inseratgestaltung<\/li>\n<li>Telefonische Vorauslese<\/li>\n<li>Referenz\u00fcberpr\u00fcfung<\/li>\n<li>Entgegenahme und Bewertung der schriftlichen Bewerbungen<\/li>\n<li>Ausf\u00fchrliche Gespr\u00e4che mit interessanten Kandidaten<\/li>\n<li>Durchf\u00fchrung des Auswahlverfahrens<\/li>\n<li>Zusammenfassung der Ergebnisse in Dossiers<\/li>\n<li>Test \u00fcber Fachkenntnisse und pers\u00f6nliche Eigenschaften<\/li>\n<li>Endauswahl unter den besten Kandidaten gemeinsam mit dem Kunden<\/li>\n<li>Absage-und Evidenzbrief<\/li>\n<\/ul>\n<h3>Ihre Zufriedenheit ist unser Erfolg<\/h3>\n<h3>Wir sind Ihr Partner, auf den Sie z\u00e4hlen k\u00f6nnen.<\/h3>\n<p>&nbsp;<\/p>\n<p>&nbsp;<\/p>\n<p>F\u00fcr weitere Fragen oder\u00a0Informationen stehen wir Ihnen gerne jederzeit unter folgender E-Mail-Adresse:\u00a0<a href=\"mailto:office@fb-personal.at\">office@fb-personal.at<\/a>\u00a0zur Verf\u00fcgung.<\/p>\n\t\t\t<\/div>\n\n\t\t<\/div>\n\n\t\t\n\t\n<\/div>\n<\/div><\/div><div id=\"panel-8-0-0-2\" class=\"so-panel widget widget_sow-image panel-last-child\" data-index=\"2\" ><div class=\"so-widget-sow-image so-widget-sow-image-default-d6014b76747a-8\">\n\n<div class=\"sow-image-container\">\n\t\t<img src=\"https:\/\/www.fb-personal.at\/cms\/wp-content\/uploads\/2016\/10\/41192014_m.jpg\" width=\"1920\" height=\"1340\" srcset=\"https:\/\/www.fb-personal.at\/cms\/wp-content\/uploads\/2016\/10\/41192014_m.jpg 1920w, https:\/\/www.fb-personal.at\/cms\/wp-content\/uploads\/2016\/10\/41192014_m-300x209.jpg 300w, https:\/\/www.fb-personal.at\/cms\/wp-content\/uploads\/2016\/10\/41192014_m-768x536.jpg 768w, https:\/\/www.fb-personal.at\/cms\/wp-content\/uploads\/2016\/10\/41192014_m-1024x715.jpg 1024w\" sizes=\"(max-width: 1920px) 100vw, 1920px\" title=\"41192014 - engineer architect professional occupation corporate city work concept\" alt=\"\" loading=\"lazy\" \t\tclass=\"so-widget-image\"\/>\n\t<\/div>\n\n<\/div><\/div><\/div><\/div><\/div>","protected":false},"excerpt":{"rendered":"<p class=\"excerpt\">Durch unsere Unterst\u00fctzung erleichtern wir Ihnen die termingerechte Erf\u00fcllung Ihrer Auftr\u00e4ge. Auf diese Weise ist auch in Zeiten extremer Arbeitsspitzen das Qualit\u00e4tsniveau Ihrer Produkte und Dienstleistungen gew\u00e4hrleistet. Bei unseren Kunden genie\u00dfen wir einen guten Ruf aufgrund unserer Seriosit\u00e4t, Zuverl\u00e4ssigkeit und durch die gute Integration unserer Arbeitskr\u00e4fte in die Besch\u00e4ftigerbetriebe. <a href=\"https:\/\/www.fb-personal.at\/cms\/personalberatung\/\">Read more &rarr;<\/a><\/p>\n","protected":false},"author":1,"featured_media":0,"parent":0,"menu_order":0,"comment_status":"closed","ping_status":"closed","template":"","meta":[],"_links":{"self":[{"href":"https:\/\/www.fb-personal.at\/cms\/wp-json\/wp\/v2\/pages\/8"}],"collection":[{"href":"https:\/\/www.fb-personal.at\/cms\/wp-json\/wp\/v2\/pages"}],"about":[{"href":"https:\/\/www.fb-personal.at\/cms\/wp-json\/wp\/v2\/types\/page"}],"author":[{"embeddable":true,"href":"https:\/\/www.fb-personal.at\/cms\/wp-json\/wp\/v2\/users\/1"}],"replies":[{"embeddable":true,"href":"https:\/\/www.fb-personal.at\/cms\/wp-json\/wp\/v2\/comments?post=8"}],"version-history":[{"count":15,"href":"https:\/\/www.fb-personal.at\/cms\/wp-json\/wp\/v2\/pages\/8\/revisions"}],"predecessor-version":[{"id":287,"href":"https:\/\/www.fb-personal.at\/cms\/wp-json\/wp\/v2\/pages\/8\/revisions\/287"}],"wp:attachment":[{"href":"https:\/\/www.fb-personal.at\/cms\/wp-json\/wp\/v2\/media?parent=8"}],"curies":[{"name":"wp","href":"https:\/\/api.w.org\/{rel}","templated":true}]}}